{"id":2250,"date":"2019-11-19T09:36:47","date_gmt":"2019-11-19T09:36:47","guid":{"rendered":"https:\/\/www.27north.com\/?page_id=2250"},"modified":"2025-11-15T00:41:39","modified_gmt":"2025-11-15T00:41:39","slug":"galerie","status":"publish","type":"page","link":"https:\/\/www.27north.com\/de\/gallery\/","title":{"rendered":"Galerie"},"content":{"rendered":"<section class=\"wpb-content-wrapper\"><div class=\"vc_row wpb_row vc_row-fluid gallery-top-section\">\n        \n<div class=\"wpb_column vc_column_container vc_col-sm-12\">\n    <div class=\"vc_column-inner\">\n        <div class=\"wpb_wrapper\">\n                    <\/div>\n    <\/div>\n<\/div>    <\/div>\n\n    <div data-vc-full-width=\"true\" data-vc-full-width-init=\"false\" data-vc-stretch-content=\"true\" class=\"vc_row wpb_row vc_row-fluid gallery-top-layer gallery-top-layer-new vc_row-no-padding  padding-lg-155t padding-sm-160t padding-xs-200t\">\n        \n<div class=\"wpb_column vc_column_container vc_col-sm-6\">\n    <div class=\"vc_column-inner\">\n        <div class=\"wpb_wrapper\">\n            \n\t<div class=\"wpb_text_column wpb_content_element  gallery-contact-us-txt\" >\n\t\t<div class=\"wpb_wrapper\">\n\t\t\t<div class=\"this_is_place_section\">\n<h1 class=\"heading_new_style\"><span class=\"inner_heading\">Fotos &amp; Rundgang<\/span><\/h1>\n<h5 class=\"heading_new_style\">Erkunden Sie jeden Winkel unserer Studentenwohnheime in San Jose, Kalifornien, von den m\u00f6blierten Innenr\u00e4umen bis hin zu den atemberaubenden Annehmlichkeiten, die speziell f\u00fcr SJSU-Studenten entwickelt wurden. Wenn Sie bereit sind, alles aus der N\u00e4he zu sehen, k\u00f6nnen unsere freundlichen Mitarbeiter vor Ort Ihnen helfen, eine pers\u00f6nliche oder selbstgef\u00fchrte Tour zu planen<\/h5>\n<\/div>\n\n\t\t<\/div>\n\t<\/div>\n        <\/div>\n    <\/div>\n<\/div>\n<div class=\"takeavirtualtour-button wpb_column vc_column_container vc_col-sm-6\">\n    <div class=\"vc_column-inner\">\n        <div class=\"wpb_wrapper\">\n            \n\t<div class=\"wpb_text_column wpb_content_element\" >\n\t\t<div class=\"wpb_wrapper\">\n\t\t\t<p><a id=\"virtual-tour\" class=\"two-btn-new first\" href=\"\/de\/virtual-tour\/\">EINEN VIRTUELLEN RUNDGANG MACHEN<\/a><\/p>\n\n\t\t<\/div>\n\t<\/div>\n        <\/div>\n    <\/div>\n<\/div>    <\/div>\n    <div class=\"vc_row-full-width vc_clearfix\"><\/div>\n<\/section>","protected":false},"excerpt":{"rendered":"Photos &amp; Tour Explore every corner of our student housing in San Jose, CA, from the furnished interiors to the stunning amenity spaces with features specifically designed for SJSU students. When you\u2019re ready to see it up close and personal, our friendly on-site staff can help you schedule an in-person or self-guided tour TAKE A ...","protected":false},"author":13,"featured_media":0,"parent":0,"menu_order":0,"comment_status":"closed","ping_status":"closed","template":"template-gallery.php","meta":{"_acf_changed":false,"footnotes":""},"class_list":["post-2250","page","type-page","status-publish","hentry"],"acf":[],"yoast_head":"<!-- This site is optimized with the Yoast SEO plugin v27.4 - https:\/\/yoast.com\/product\/yoast-seo-wordpress\/ -->\n<title>Off-Campus Housing in San Jose, CA | 27 North | Gallery<\/title>\n<meta name=\"description\" content=\"27 North showcases San Jose, CA, student housing with a rooftop lounge, clubhouse, and oversized windows that fill homes with natural light. View our photo gallery!\" \/>\n<meta name=\"robots\" content=\"index, follow, max-snippet:-1, max-image-preview:large, max-video-preview:-1\" \/>\n<link rel=\"canonical\" href=\"https:\/\/www.27north.com\/de\/galerie\/\" \/>\n<meta property=\"og:locale\" content=\"de_DE\" \/>\n<meta property=\"og:type\" content=\"article\" \/>\n<meta property=\"og:title\" content=\"Off-Campus Housing in San Jose, CA | 27 North | Gallery\" \/>\n<meta property=\"og:description\" content=\"27 North showcases San Jose, CA, student housing with a rooftop lounge, clubhouse, and oversized windows that fill homes with natural light. View our photo gallery!\" \/>\n<meta property=\"og:url\" content=\"https:\/\/www.27north.com\/de\/galerie\/\" \/>\n<meta property=\"og:site_name\" content=\"27 North\" \/>\n<meta property=\"article:modified_time\" content=\"2025-11-15T00:41:39+00:00\" \/>\n<meta name=\"twitter:card\" content=\"summary_large_image\" \/>\n<meta name=\"twitter:label1\" content=\"Est. reading time\" \/>\n\t<meta name=\"twitter:data1\" content=\"1\u00a0Minute\" \/>\n<script type=\"application\/ld+json\" class=\"yoast-schema-graph\">{\"@context\":\"https:\\\/\\\/schema.org\",\"@graph\":[{\"@type\":\"WebPage\",\"@id\":\"https:\\\/\\\/www.27north.com\\\/gallery\\\/\",\"url\":\"https:\\\/\\\/www.27north.com\\\/gallery\\\/\",\"name\":\"Off-Campus Housing in San Jose, CA | 27 North | Gallery\",\"isPartOf\":{\"@id\":\"https:\\\/\\\/www.27north.com\\\/#website\"},\"datePublished\":\"2019-11-19T09:36:47+00:00\",\"dateModified\":\"2025-11-15T00:41:39+00:00\",\"description\":\"27 North showcases San Jose, CA, student housing with a rooftop lounge, clubhouse, and oversized windows that fill homes with natural light. View our photo gallery!\",\"breadcrumb\":{\"@id\":\"https:\\\/\\\/www.27north.com\\\/gallery\\\/#breadcrumb\"},\"inLanguage\":\"de\",\"potentialAction\":[{\"@type\":\"ReadAction\",\"target\":[\"https:\\\/\\\/www.27north.com\\\/gallery\\\/\"]}]},{\"@type\":\"BreadcrumbList\",\"@id\":\"https:\\\/\\\/www.27north.com\\\/gallery\\\/#breadcrumb\",\"itemListElement\":[{\"@type\":\"ListItem\",\"position\":1,\"name\":\"Home\",\"item\":\"https:\\\/\\\/www.27north.com\\\/\"},{\"@type\":\"ListItem\",\"position\":2,\"name\":\"Gallery\"}]},{\"@type\":\"WebSite\",\"@id\":\"https:\\\/\\\/www.27north.com\\\/#website\",\"url\":\"https:\\\/\\\/www.27north.com\\\/\",\"name\":\"27 North\",\"description\":\"\",\"publisher\":{\"@id\":\"https:\\\/\\\/www.27north.com\\\/#organization\"},\"potentialAction\":[{\"@type\":\"SearchAction\",\"target\":{\"@type\":\"EntryPoint\",\"urlTemplate\":\"https:\\\/\\\/www.27north.com\\\/?s={search_term_string}\"},\"query-input\":{\"@type\":\"PropertyValueSpecification\",\"valueRequired\":true,\"valueName\":\"search_term_string\"}}],\"inLanguage\":\"de\"},{\"@type\":\"Organization\",\"@id\":\"https:\\\/\\\/www.27north.com\\\/#organization\",\"name\":\"27 North\",\"url\":\"https:\\\/\\\/www.27north.com\\\/\",\"logo\":{\"@type\":\"ImageObject\",\"inLanguage\":\"de\",\"@id\":\"https:\\\/\\\/www.27north.com\\\/#\\\/schema\\\/logo\\\/image\\\/\",\"url\":\"\",\"contentUrl\":\"\",\"caption\":\"27 North\"},\"image\":{\"@id\":\"https:\\\/\\\/www.27north.com\\\/#\\\/schema\\\/logo\\\/image\\\/\"}}]}<\/script>\n<!-- \/ Yoast SEO plugin. -->","yoast_head_json":{"title":"Unterkunft au\u00dferhalb des Campus in San Jose, CA | 27 North | Galerie","description":"27 North bietet Studentenwohnungen in San Jose, CA, mit einer Lounge auf dem Dach, einem Clubhaus und \u00fcbergro\u00dfen Fenstern, die die Wohnungen mit nat\u00fcrlichem Licht erf\u00fcllen. Sehen Sie sich unsere Fotogalerie an!","robots":{"index":"index","follow":"follow","max-snippet":"max-snippet:-1","max-image-preview":"max-image-preview:large","max-video-preview":"max-video-preview:-1"},"canonical":"https:\/\/www.27north.com\/de\/galerie\/","og_locale":"de_DE","og_type":"article","og_title":"Off-Campus Housing in San Jose, CA | 27 North | Gallery","og_description":"27 North showcases San Jose, CA, student housing with a rooftop lounge, clubhouse, and oversized windows that fill homes with natural light. View our photo gallery!","og_url":"https:\/\/www.27north.com\/de\/galerie\/","og_site_name":"27 North","article_modified_time":"2025-11-15T00:41:39+00:00","twitter_card":"summary_large_image","twitter_misc":{"Est. reading time":"1\u00a0Minute"},"schema":{"@context":"https:\/\/schema.org","@graph":[{"@type":"WebPage","@id":"https:\/\/www.27north.com\/gallery\/","url":"https:\/\/www.27north.com\/gallery\/","name":"Unterkunft au\u00dferhalb des Campus in San Jose, CA | 27 North | Galerie","isPartOf":{"@id":"https:\/\/www.27north.com\/#website"},"datePublished":"2019-11-19T09:36:47+00:00","dateModified":"2025-11-15T00:41:39+00:00","description":"27 North bietet Studentenwohnungen in San Jose, CA, mit einer Lounge auf dem Dach, einem Clubhaus und \u00fcbergro\u00dfen Fenstern, die die Wohnungen mit nat\u00fcrlichem Licht erf\u00fcllen. Sehen Sie sich unsere Fotogalerie an!","breadcrumb":{"@id":"https:\/\/www.27north.com\/gallery\/#breadcrumb"},"inLanguage":"de","potentialAction":[{"@type":"ReadAction","target":["https:\/\/www.27north.com\/gallery\/"]}]},{"@type":"BreadcrumbList","@id":"https:\/\/www.27north.com\/gallery\/#breadcrumb","itemListElement":[{"@type":"ListItem","position":1,"name":"Home","item":"https:\/\/www.27north.com\/"},{"@type":"ListItem","position":2,"name":"Gallery"}]},{"@type":"WebSite","@id":"https:\/\/www.27north.com\/#website","url":"https:\/\/www.27north.com\/","name":"27 Nord","description":"","publisher":{"@id":"https:\/\/www.27north.com\/#organization"},"potentialAction":[{"@type":"SearchAction","target":{"@type":"EntryPoint","urlTemplate":"https:\/\/www.27north.com\/?s={search_term_string}"},"query-input":{"@type":"PropertyValueSpecification","valueRequired":true,"valueName":"search_term_string"}}],"inLanguage":"de"},{"@type":"Organization","@id":"https:\/\/www.27north.com\/#organization","name":"27 Nord","url":"https:\/\/www.27north.com\/","logo":{"@type":"ImageObject","inLanguage":"de","@id":"https:\/\/www.27north.com\/#\/schema\/logo\/image\/","url":"","contentUrl":"","caption":"27 North"},"image":{"@id":"https:\/\/www.27north.com\/#\/schema\/logo\/image\/"}}]}},"_links":{"self":[{"href":"https:\/\/www.27north.com\/de\/wp-json\/wp\/v2\/pages\/2250","targetHints":{"allow":["GET"]}}],"collection":[{"href":"https:\/\/www.27north.com\/de\/wp-json\/wp\/v2\/pages"}],"about":[{"href":"https:\/\/www.27north.com\/de\/wp-json\/wp\/v2\/types\/page"}],"author":[{"embeddable":true,"href":"https:\/\/www.27north.com\/de\/wp-json\/wp\/v2\/users\/13"}],"replies":[{"embeddable":true,"href":"https:\/\/www.27north.com\/de\/wp-json\/wp\/v2\/comments?post=2250"}],"version-history":[{"count":0,"href":"https:\/\/www.27north.com\/de\/wp-json\/wp\/v2\/pages\/2250\/revisions"}],"wp:attachment":[{"href":"https:\/\/www.27north.com\/de\/wp-json\/wp\/v2\/media?parent=2250"}],"curies":[{"name":"wp","href":"https:\/\/api.w.org\/{rel}","templated":true}]}}