{"id":3101,"date":"2023-06-08T22:17:20","date_gmt":"2023-06-08T22:17:20","guid":{"rendered":"https:\/\/www.27north.com\/?page_id=3101"},"modified":"2026-01-29T19:15:50","modified_gmt":"2026-01-29T19:15:50","slug":"recorrido-virtual","status":"publish","type":"page","link":"https:\/\/www.27north.com\/es\/virtual-tour\/","title":{"rendered":"Recorrido virtual"},"content":{"rendered":"<section class=\"wpb-content-wrapper\"><div data-vc-full-width=\"true\" data-vc-full-width-init=\"false\" class=\"vc_row wpb_row vc_row-fluid neighborhood-content\">\n        \n<div class=\"wpb_column vc_column_container vc_col-sm-12\">\n    <div class=\"vc_column-inner\">\n        <div class=\"wpb_wrapper\">\n            \n\t<div class=\"wpb_text_column wpb_content_element  gallery-contact-us-txt\" >\n\t\t<div class=\"wpb_wrapper\">\n\t\t\t<div class=\"this_is_place_section\">\n<h1 class=\"heading_new_style\">Virtual<span class=\"inner_heading\">Recorrido<\/span><\/h1>\n<h5 class=\"heading_new_style\">Explora cada rinc\u00f3n de nuestros apartamentos para estudiantes en San Jos\u00e9, desde los interiores amueblados hasta las impresionantes \u00e1reas comunes con caracter\u00edsticas dise\u00f1adas especialmente para los estudiantes de SJSU. Cuando est\u00e9s listo para verlo de cerca, nuestro amable personal te ayudar\u00e1 a programar una visita presencial o autoguiada.<\/h5>\n<\/div>\n\n\t\t<\/div>\n\t<\/div>\n        <\/div>\n    <\/div>\n<\/div>    <\/div>\n    <div class=\"vc_row-full-width vc_clearfix\"><\/div>\n\n    <div class=\"vc_row wpb_row vc_row-fluid\">\n        \n<div class=\"wpb_column vc_column_container vc_col-sm-12\">\n    <div class=\"vc_column-inner\">\n        <div class=\"wpb_wrapper\">\n            \n\t<div class=\"wpb_text_column wpb_content_element\" >\n\t\t<div class=\"wpb_wrapper\">\n\t\t\t<p><iframe loading=\"lazy\" src=\"https:\/\/my.matterport.com\/show\/?m=JrTf1Fx8NTk\" width=\"853\" height=\"480\" frameborder=\"0\" allowfullscreen=\"allowfullscreen\"><\/iframe><\/p>\n\n\t\t<\/div>\n\t<\/div>\n        <\/div>\n    <\/div>\n<\/div>    <\/div>\n<\/section>","protected":false},"excerpt":{"rendered":"VirtualTour Explore every corner of our San Jose student apartments, from the furnished interiors to the stunning amenity spaces with features specifically designed for SJSU students. When you\u2019re ready to see it up close and personal, our friendly on-site staff can help you schedule an in-person or self-guided tour!","protected":false},"author":13,"featured_media":0,"parent":0,"menu_order":0,"comment_status":"closed","ping_status":"closed","template":"","meta":{"_acf_changed":false,"footnotes":""},"class_list":["post-3101","page","type-page","status-publish","hentry"],"acf":[],"yoast_head":"<!-- This site is optimized with the Yoast SEO plugin v27.5 - https:\/\/yoast.com\/product\/yoast-seo-wordpress\/ -->\n<title>Virtual Tour | 27 North<\/title>\n<meta name=\"robots\" content=\"index, follow, max-snippet:-1, max-image-preview:large, max-video-preview:-1\" \/>\n<link rel=\"canonical\" href=\"https:\/\/www.27north.com\/es\/recorrido-virtual\/\" \/>\n<meta property=\"og:locale\" content=\"es_MX\" \/>\n<meta property=\"og:type\" content=\"article\" \/>\n<meta property=\"og:title\" content=\"Virtual Tour | 27 North\" \/>\n<meta property=\"og:url\" content=\"https:\/\/www.27north.com\/es\/recorrido-virtual\/\" \/>\n<meta property=\"og:site_name\" content=\"27 North\" \/>\n<meta property=\"article:modified_time\" content=\"2026-01-29T19:15:50+00:00\" \/>\n<meta name=\"twitter:card\" content=\"summary_large_image\" \/>\n<meta name=\"twitter:label1\" content=\"Est. reading time\" \/>\n\t<meta name=\"twitter:data1\" content=\"1 minuto\" \/>\n<script type=\"application\/ld+json\" class=\"yoast-schema-graph\">{\"@context\":\"https:\\\/\\\/schema.org\",\"@graph\":[{\"@type\":\"WebPage\",\"@id\":\"https:\\\/\\\/www.27north.com\\\/virtual-tour\\\/\",\"url\":\"https:\\\/\\\/www.27north.com\\\/virtual-tour\\\/\",\"name\":\"Virtual Tour | 27 North\",\"isPartOf\":{\"@id\":\"https:\\\/\\\/www.27north.com\\\/#website\"},\"datePublished\":\"2023-06-08T22:17:20+00:00\",\"dateModified\":\"2026-01-29T19:15:50+00:00\",\"breadcrumb\":{\"@id\":\"https:\\\/\\\/www.27north.com\\\/virtual-tour\\\/#breadcrumb\"},\"inLanguage\":\"es\",\"potentialAction\":[{\"@type\":\"ReadAction\",\"target\":[\"https:\\\/\\\/www.27north.com\\\/virtual-tour\\\/\"]}]},{\"@type\":\"BreadcrumbList\",\"@id\":\"https:\\\/\\\/www.27north.com\\\/virtual-tour\\\/#breadcrumb\",\"itemListElement\":[{\"@type\":\"ListItem\",\"position\":1,\"name\":\"Home\",\"item\":\"https:\\\/\\\/www.27north.com\\\/\"},{\"@type\":\"ListItem\",\"position\":2,\"name\":\"Virtual Tour\"}]},{\"@type\":\"WebSite\",\"@id\":\"https:\\\/\\\/www.27north.com\\\/#website\",\"url\":\"https:\\\/\\\/www.27north.com\\\/\",\"name\":\"27 North\",\"description\":\"\",\"publisher\":{\"@id\":\"https:\\\/\\\/www.27north.com\\\/#organization\"},\"potentialAction\":[{\"@type\":\"SearchAction\",\"target\":{\"@type\":\"EntryPoint\",\"urlTemplate\":\"https:\\\/\\\/www.27north.com\\\/?s={search_term_string}\"},\"query-input\":{\"@type\":\"PropertyValueSpecification\",\"valueRequired\":true,\"valueName\":\"search_term_string\"}}],\"inLanguage\":\"es\"},{\"@type\":\"Organization\",\"@id\":\"https:\\\/\\\/www.27north.com\\\/#organization\",\"name\":\"27 North\",\"url\":\"https:\\\/\\\/www.27north.com\\\/\",\"logo\":{\"@type\":\"ImageObject\",\"inLanguage\":\"es\",\"@id\":\"https:\\\/\\\/www.27north.com\\\/#\\\/schema\\\/logo\\\/image\\\/\",\"url\":\"\",\"contentUrl\":\"\",\"caption\":\"27 North\"},\"image\":{\"@id\":\"https:\\\/\\\/www.27north.com\\\/#\\\/schema\\\/logo\\\/image\\\/\"}}]}<\/script>\n<!-- \/ Yoast SEO plugin. -->","yoast_head_json":{"title":"Recorrido virtual | 27 Norte","robots":{"index":"index","follow":"follow","max-snippet":"max-snippet:-1","max-image-preview":"max-image-preview:large","max-video-preview":"max-video-preview:-1"},"canonical":"https:\/\/www.27north.com\/es\/recorrido-virtual\/","og_locale":"es_MX","og_type":"article","og_title":"Virtual Tour | 27 North","og_url":"https:\/\/www.27north.com\/es\/recorrido-virtual\/","og_site_name":"27 North","article_modified_time":"2026-01-29T19:15:50+00:00","twitter_card":"summary_large_image","twitter_misc":{"Est. reading time":"1 minuto"},"schema":{"@context":"https:\/\/schema.org","@graph":[{"@type":"WebPage","@id":"https:\/\/www.27north.com\/virtual-tour\/","url":"https:\/\/www.27north.com\/virtual-tour\/","name":"Recorrido virtual | 27 Norte","isPartOf":{"@id":"https:\/\/www.27north.com\/#website"},"datePublished":"2023-06-08T22:17:20+00:00","dateModified":"2026-01-29T19:15:50+00:00","breadcrumb":{"@id":"https:\/\/www.27north.com\/virtual-tour\/#breadcrumb"},"inLanguage":"es","potentialAction":[{"@type":"ReadAction","target":["https:\/\/www.27north.com\/virtual-tour\/"]}]},{"@type":"BreadcrumbList","@id":"https:\/\/www.27north.com\/virtual-tour\/#breadcrumb","itemListElement":[{"@type":"ListItem","position":1,"name":"Home","item":"https:\/\/www.27north.com\/"},{"@type":"ListItem","position":2,"name":"Virtual Tour"}]},{"@type":"WebSite","@id":"https:\/\/www.27north.com\/#website","url":"https:\/\/www.27north.com\/","name":"27 Norte","description":"","publisher":{"@id":"https:\/\/www.27north.com\/#organization"},"potentialAction":[{"@type":"SearchAction","target":{"@type":"EntryPoint","urlTemplate":"https:\/\/www.27north.com\/?s={search_term_string}"},"query-input":{"@type":"PropertyValueSpecification","valueRequired":true,"valueName":"search_term_string"}}],"inLanguage":"es"},{"@type":"Organization","@id":"https:\/\/www.27north.com\/#organization","name":"27 Norte","url":"https:\/\/www.27north.com\/","logo":{"@type":"ImageObject","inLanguage":"es","@id":"https:\/\/www.27north.com\/#\/schema\/logo\/image\/","url":"","contentUrl":"","caption":"27 North"},"image":{"@id":"https:\/\/www.27north.com\/#\/schema\/logo\/image\/"}}]}},"_links":{"self":[{"href":"https:\/\/www.27north.com\/es\/wp-json\/wp\/v2\/pages\/3101","targetHints":{"allow":["GET"]}}],"collection":[{"href":"https:\/\/www.27north.com\/es\/wp-json\/wp\/v2\/pages"}],"about":[{"href":"https:\/\/www.27north.com\/es\/wp-json\/wp\/v2\/types\/page"}],"author":[{"embeddable":true,"href":"https:\/\/www.27north.com\/es\/wp-json\/wp\/v2\/users\/13"}],"replies":[{"embeddable":true,"href":"https:\/\/www.27north.com\/es\/wp-json\/wp\/v2\/comments?post=3101"}],"version-history":[{"count":0,"href":"https:\/\/www.27north.com\/es\/wp-json\/wp\/v2\/pages\/3101\/revisions"}],"wp:attachment":[{"href":"https:\/\/www.27north.com\/es\/wp-json\/wp\/v2\/media?parent=3101"}],"curies":[{"name":"wp","href":"https:\/\/api.w.org\/{rel}","templated":true}]}}